{"id":1821,"date":"2020-10-04T13:41:18","date_gmt":"2020-11-19T02:49:22","guid":{"rendered":"http:\/\/inoxvietthuong.com\/product\/aluminum-bw-concentric-reducer-6061-t6\/"},"modified":"2020-11-19T02:49:25","modified_gmt":"2020-11-19T02:49:25","slug":"bau-giam-nhom-6061-t6","status":"publish","type":"product","link":"https:\/\/inoxvietthuong.com\/en\/product\/bau-giam-nhom-6061-t6\/","title":{"rendered":"Aluminum BW Concentric Reducer -6061-T6"},"content":{"rendered":"<pre id=\"tw-target-text\" class=\"tw-data-text tw-text-large XcVN5d tw-ta\" data-placeholder=\"Translation\"><span lang=\"vi\">We supply various pipe fittings material Alu 6061-T6 these fittings are leak proof \nwith a long warranty without compromising the durability of these fittings \nAlong with quality, our alu fitting are high finishing \nwith sophisticated design and beautiful design.<\/span><\/pre>\n<p><b>B\u1ea7u gi\u1ea3m nh\u00f4m \u0111\u00fac 6061-T6<\/b><\/p>\n<p>Concentric Reducer, Eccentric Reducer<\/p>\n<p>Range size: 1\/2&#8243;-48\u201d<br \/>\nWall Thickness: SCH20-SCH160<br \/>\nMaterial grade: 5083, 5086, 6061 T5, 6061-T6.<\/p>\n<p>Specification: ASME B16.9<\/p>\n<p>Original: China<\/p>\n","protected":false},"excerpt":{"rendered":"<p>We supply various pipe fittings material Alu 6061-T6 these fittings are leak proof with a long warranty without compromising the durability of these fittings Along with quality, our alu fitting are high finishing with sophisticated design and beautiful design. B\u1ea7u gi\u1ea3m nh\u00f4m \u0111\u00fac 6061-T6 Concentric Reducer, Eccentric Reducer Range size: 1\/2&#8243;-48\u201d Wall Thickness: SCH20-SCH160 Material &#8230; <a title=\"Aluminum BW Concentric Reducer -6061-T6\" class=\"read-more\" href=\"https:\/\/inoxvietthuong.com\/en\/product\/bau-giam-nhom-6061-t6\/\" aria-label=\"More on Aluminum BW Concentric Reducer -6061-T6\">Read more<\/a><\/p>\n","protected":false},"featured_media":968,"comment_status":"open","ping_status":"closed","template":"","meta":[],"product_cat":[168],"product_tag":[],"_links":{"self":[{"href":"https:\/\/inoxvietthuong.com\/en\/wp-json\/wp\/v2\/product\/1821"}],"collection":[{"href":"https:\/\/inoxvietthuong.com\/en\/wp-json\/wp\/v2\/product"}],"about":[{"href":"https:\/\/inoxvietthuong.com\/en\/wp-json\/wp\/v2\/types\/product"}],"replies":[{"embeddable":true,"href":"https:\/\/inoxvietthuong.com\/en\/wp-json\/wp\/v2\/comments?post=1821"}],"wp:featuredmedia":[{"embeddable":true,"href":"https:\/\/inoxvietthuong.com\/en\/wp-json\/wp\/v2\/media\/968"}],"wp:attachment":[{"href":"https:\/\/inoxvietthuong.com\/en\/wp-json\/wp\/v2\/media?parent=1821"}],"wp:term":[{"taxonomy":"product_cat","embeddable":true,"href":"https:\/\/inoxvietthuong.com\/en\/wp-json\/wp\/v2\/product_cat?post=1821"},{"taxonomy":"product_tag","embeddable":true,"href":"https:\/\/inoxvietthuong.com\/en\/wp-json\/wp\/v2\/product_tag?post=1821"}],"curies":[{"name":"wp","href":"https:\/\/api.w.org\/{rel}","templated":true}]}}